{"id":595,"date":"2020-10-07T08:16:23","date_gmt":"2020-10-07T06:16:23","guid":{"rendered":"http:\/\/www.analizatozalezy.pl\/?page_id=595"},"modified":"2023-08-04T22:36:55","modified_gmt":"2023-08-04T20:36:55","slug":"kontakt-do-mnie","status":"publish","type":"page","link":"https:\/\/www.analizatozalezy.pl\/index.php\/kontakt-do-mnie\/","title":{"rendered":"Kontakt do mnie"},"content":{"rendered":"\t\t<div data-elementor-type=\"wp-page\" data-elementor-id=\"595\" class=\"elementor elementor-595\" data-elementor-post-type=\"page\">\n\t\t\t\t\t\t<section class=\"elementor-section elementor-top-section elementor-element elementor-element-6ce90d4 elementor-section-boxed elementor-section-height-default elementor-section-height-default\" data-id=\"6ce90d4\" data-element_type=\"section\">\n\t\t\t\t\t\t<div class=\"elementor-container elementor-column-gap-default\">\n\t\t\t\t\t<div class=\"elementor-column elementor-col-100 elementor-top-column elementor-element elementor-element-c127310\" data-id=\"c127310\" data-element_type=\"column\">\n\t\t\t<div class=\"elementor-widget-wrap elementor-element-populated\">\n\t\t\t\t\t\t<div class=\"elementor-element elementor-element-ae2b443 elementor-widget elementor-widget-heading\" data-id=\"ae2b443\" data-element_type=\"widget\" data-widget_type=\"heading.default\">\n\t\t\t\t<div class=\"elementor-widget-container\">\n\t\t\t\t\t<h2 class=\"elementor-heading-title elementor-size-default\">Cze\u015b\u0107! Jestem Wojtek<\/h2>\t\t\t\t<\/div>\n\t\t\t\t<\/div>\n\t\t\t\t<div class=\"elementor-element elementor-element-d07b9f0 elementor-widget elementor-widget-text-editor\" data-id=\"d07b9f0\" data-element_type=\"widget\" data-widget_type=\"text-editor.default\">\n\t\t\t\t<div class=\"elementor-widget-container\">\n\t\t\t\t\t\t\t\t\t<p>Je\u017celi chcesz si\u0119 skontaktowa\u0107, u\u017cyj formularza poni\u017cej. Odpowiadam najszybciej jak to mo\u017cliwe<\/p>\t\t\t\t\t\t\t\t<\/div>\n\t\t\t\t<\/div>\n\t\t\t\t<div class=\"elementor-element elementor-element-b9e7cec elementor-button-align-stretch elementor-widget elementor-widget-form\" data-id=\"b9e7cec\" data-element_type=\"widget\" data-settings=\"{&quot;step_next_label&quot;:&quot;Nast\\u0119pny&quot;,&quot;step_previous_label&quot;:&quot;Poprzedni&quot;,&quot;button_width&quot;:&quot;100&quot;,&quot;step_type&quot;:&quot;number_text&quot;,&quot;step_icon_shape&quot;:&quot;circle&quot;}\" data-widget_type=\"form.default\">\n\t\t\t\t<div class=\"elementor-widget-container\">\n\t\t\t\t\t\t\t<form class=\"elementor-form\" method=\"post\" name=\"Formularz - Konsultacje\" aria-label=\"Formularz - Konsultacje\">\n\t\t\t<input type=\"hidden\" name=\"post_id\" value=\"595\"\/>\n\t\t\t<input type=\"hidden\" name=\"form_id\" value=\"b9e7cec\"\/>\n\t\t\t<input type=\"hidden\" name=\"referer_title\" value=\"Kontakt do mnie - Analiza To Zale\u017cy\" \/>\n\n\t\t\t\t\t\t\t<input type=\"hidden\" name=\"queried_id\" value=\"595\"\/>\n\t\t\t\n\t\t\t<div class=\"elementor-form-fields-wrapper elementor-labels-above\">\n\t\t\t\t\t\t\t\t<div class=\"elementor-field-type-select elementor-field-group elementor-column elementor-field-group-field_eb318b4 elementor-col-60 elementor-field-required\">\n\t\t\t\t\t\t\t\t\t\t\t\t<label for=\"form-field-field_eb318b4\" class=\"elementor-field-label\">\n\t\t\t\t\t\t\t\tWybierz temat\t\t\t\t\t\t\t<\/label>\n\t\t\t\t\t\t\t\t<div class=\"elementor-field elementor-select-wrapper remove-before \">\n\t\t\t<div class=\"select-caret-down-wrapper\">\n\t\t\t\t<i aria-hidden=\"true\" class=\"eicon-caret-down\"><\/i>\t\t\t<\/div>\n\t\t\t<select name=\"form_fields[field_eb318b4]\" id=\"form-field-field_eb318b4\" class=\"elementor-field-textual elementor-size-sm\" required=\"required\">\n\t\t\t\t\t\t\t\t\t<option value=\"Inny Temat\" selected=\"selected\">Inny Temat<\/option>\n\t\t\t\t\t\t\t\t\t<option value=\"Mentoring i Kariera\">Mentoring i Kariera<\/option>\n\t\t\t\t\t\t\t\t\t<option value=\"Enterprise Architect od Podstaw\">Enterprise Architect od Podstaw<\/option>\n\t\t\t\t\t\t\t\t\t<option value=\"Standardy i procedury\">Standardy i procedury<\/option>\n\t\t\t\t\t\t\t\t\t<option value=\"Analiza Biznesowa\">Analiza Biznesowa<\/option>\n\t\t\t\t\t\t\t\t\t<option value=\"Analiza Wymaga\u0144\">Analiza Wymaga\u0144<\/option>\n\t\t\t\t\t\t\t<\/select>\n\t\t<\/div>\n\t\t\t\t\t\t<\/div>\n\t\t\t\t\t\t\t\t<div class=\"elementor-field-type-radio elementor-field-group elementor-column elementor-field-group-field_48a2c20 elementor-col-100 elementor-field-required\">\n\t\t\t\t\t\t\t\t\t\t\t\t<label for=\"form-field-field_48a2c20\" class=\"elementor-field-label\">\n\t\t\t\t\t\t\t\tTw\u00f3j poziom zaawansowania\t\t\t\t\t\t\t<\/label>\n\t\t\t\t\t\t<div class=\"elementor-field-subgroup  elementor-subgroup-inline\"><span class=\"elementor-field-option\"><input type=\"radio\" value=\"Pocz\u0105tkuj\u0105cy\" id=\"form-field-field_48a2c20-0\" name=\"form_fields[field_48a2c20]\" required=\"required\"> <label for=\"form-field-field_48a2c20-0\">Pocz\u0105tkuj\u0105cy<\/label><\/span><span class=\"elementor-field-option\"><input type=\"radio\" value=\"Do\u015bwiadczony\" id=\"form-field-field_48a2c20-1\" name=\"form_fields[field_48a2c20]\" required=\"required\"> <label for=\"form-field-field_48a2c20-1\">Do\u015bwiadczony<\/label><\/span><span class=\"elementor-field-option\"><input type=\"radio\" value=\"Ekspert\" id=\"form-field-field_48a2c20-2\" name=\"form_fields[field_48a2c20]\" required=\"required\"> <label for=\"form-field-field_48a2c20-2\">Ekspert<\/label><\/span><\/div>\t\t\t\t<\/div>\n\t\t\t\t\t\t\t\t<div class=\"elementor-field-type-email elementor-field-group elementor-column elementor-field-group-email elementor-col-50 elementor-field-required\">\n\t\t\t\t\t\t\t\t\t\t\t\t<label for=\"form-field-email\" class=\"elementor-field-label\">\n\t\t\t\t\t\t\t\tE-mail\t\t\t\t\t\t\t<\/label>\n\t\t\t\t\t\t\t\t\t\t\t\t\t\t<input size=\"1\" type=\"email\" name=\"form_fields[email]\" id=\"form-field-email\" class=\"elementor-field elementor-size-sm  elementor-field-textual\" placeholder=\"Na ten adres e-mail odpowiem\" required=\"required\">\n\t\t\t\t\t\t\t\t\t\t\t<\/div>\n\t\t\t\t\t\t\t\t<div class=\"elementor-field-type-text elementor-field-group elementor-column elementor-field-group-name elementor-col-50\">\n\t\t\t\t\t\t\t\t\t\t\t\t<label for=\"form-field-name\" class=\"elementor-field-label\">\n\t\t\t\t\t\t\t\tImi\u0119 i Nazwisko\t\t\t\t\t\t\t<\/label>\n\t\t\t\t\t\t\t\t\t\t\t\t\t\t<input size=\"1\" type=\"text\" name=\"form_fields[name]\" id=\"form-field-name\" class=\"elementor-field elementor-size-sm  elementor-field-textual\" placeholder=\"Jestem Wojtek Giers. Jak si\u0119 nazywasz?\">\n\t\t\t\t\t\t\t\t\t\t\t<\/div>\n\t\t\t\t\t\t\t\t<div class=\"elementor-field-type-textarea elementor-field-group elementor-column elementor-field-group-message elementor-col-100 elementor-field-required\">\n\t\t\t\t\t\t\t\t\t\t\t\t<label for=\"form-field-message\" class=\"elementor-field-label\">\n\t\t\t\t\t\t\t\tWiadomo\u015b\u0107\t\t\t\t\t\t\t<\/label>\n\t\t\t\t\t\t<textarea class=\"elementor-field-textual elementor-field  elementor-size-sm\" name=\"form_fields[message]\" id=\"form-field-message\" rows=\"7\" placeholder=\"Opisz czego potrzebujesz\" required=\"required\"><\/textarea>\t\t\t\t<\/div>\n\t\t\t\t\t\t\t\t<div class=\"elementor-field-type-acceptance elementor-field-group elementor-column elementor-field-group-field_9aca990 elementor-col-80 elementor-field-required\">\n\t\t\t\t\t\t\t\t\t\t\t\t<label for=\"form-field-field_9aca990\" class=\"elementor-field-label\">\n\t\t\t\t\t\t\t\tZgoda\t\t\t\t\t\t\t<\/label>\n\t\t\t\t\t\t\t\t<div class=\"elementor-field-subgroup\">\n\t\t\t<span class=\"elementor-field-option\">\n\t\t\t\t<input type=\"checkbox\" name=\"form_fields[field_9aca990]\" id=\"form-field-field_9aca990\" class=\"elementor-field elementor-size-sm  elementor-acceptance-field\" required=\"required\">\n\t\t\t\t<label for=\"form-field-field_9aca990\">O\u015bwiadczam, \u017ce zapozna\u0142em si\u0119 z Polityk\u0105 Prywatno\u015bci oraz wyra\u017cam zgod\u0119 na wykorzystanie podanego adresu e-mail w celu realizacji zg\u0142oszenia<\/label>\t\t\t<\/span>\n\t\t<\/div>\n\t\t\t\t\t\t<\/div>\n\t\t\t\t\t\t\t\t<div class=\"elementor-field-type-recaptcha elementor-field-group elementor-column elementor-field-group-field_64f296e elementor-col-100\">\n\t\t\t\t\t<div class=\"elementor-field\" id=\"form-field-field_64f296e\"><div class=\"elementor-g-recaptcha\" data-sitekey=\"6LcK4HgdAAAAAAaSlEZd8ZGP2BI4rDYWjhg7_MzE\" data-type=\"v2_checkbox\" data-theme=\"light\" data-size=\"normal\"><\/div><\/div>\t\t\t\t<\/div>\n\t\t\t\t\t\t\t\t<div class=\"elementor-field-group elementor-column elementor-field-type-submit elementor-col-100 e-form__buttons\">\n\t\t\t\t\t<button class=\"elementor-button elementor-size-sm\" type=\"submit\">\n\t\t\t\t\t\t<span class=\"elementor-button-content-wrapper\">\n\t\t\t\t\t\t\t\t\t\t\t\t\t\t\t<span class=\"elementor-button-icon\">\n\t\t\t\t\t\t\t\t\t<i aria-hidden=\"true\" class=\"far fa-paper-plane\"><\/i>\t\t\t\t\t\t\t\t\t\t\t\t\t\t\t\t\t<\/span>\n\t\t\t\t\t\t\t\t\t\t\t\t\t\t\t\t\t\t\t\t\t\t<span class=\"elementor-button-text\">Wy\u015blij<\/span>\n\t\t\t\t\t\t\t\t\t\t\t\t\t<\/span>\n\t\t\t\t\t<\/button>\n\t\t\t\t<\/div>\n\t\t\t<\/div>\n\t\t<\/form>\n\t\t\t\t\t\t<\/div>\n\t\t\t\t<\/div>\n\t\t\t\t\t<\/div>\n\t\t<\/div>\n\t\t\t\t\t<\/div>\n\t\t<\/section>\n\t\t\t\t<\/div>\n\t\t","protected":false},"excerpt":{"rendered":"<p>Cze\u015b\u0107! Jestem Wojtek Je\u017celi chcesz si\u0119 skontaktowa\u0107, u\u017cyj formularza poni\u017cej. Odpowiadam najszybciej jak to mo\u017cliwe<\/p>\n","protected":false},"author":1,"featured_media":0,"parent":0,"menu_order":0,"comment_status":"closed","ping_status":"closed","template":"","meta":{"footnotes":""},"class_list":["post-595","page","type-page","status-publish"],"yoast_head":"<!-- This site is optimized with the Yoast SEO plugin v26.3 - https:\/\/yoast.com\/wordpress\/plugins\/seo\/ -->\n<title>Kontakt do mnie - Analiza To Zale\u017cy<\/title>\n<meta name=\"robots\" content=\"index, follow, max-snippet:-1, max-image-preview:large, max-video-preview:-1\" \/>\n<link rel=\"canonical\" href=\"https:\/\/www.analizatozalezy.pl\/index.php\/kontakt-do-mnie\/\" \/>\n<meta property=\"og:locale\" content=\"pl_PL\" \/>\n<meta property=\"og:type\" content=\"article\" \/>\n<meta property=\"og:title\" content=\"Kontakt do mnie - Analiza To Zale\u017cy\" \/>\n<meta property=\"og:description\" content=\"Cze\u015b\u0107! Jestem Wojtek Je\u017celi chcesz si\u0119 skontaktowa\u0107, u\u017cyj formularza poni\u017cej. Odpowiadam najszybciej jak to mo\u017cliwe\" \/>\n<meta property=\"og:url\" content=\"https:\/\/www.analizatozalezy.pl\/index.php\/kontakt-do-mnie\/\" \/>\n<meta property=\"og:site_name\" content=\"Analiza To Zale\u017cy\" \/>\n<meta property=\"article:publisher\" content=\"https:\/\/www.facebook.com\/pg\/Analiza-to-Zale%c5%bcy-106802377714908\" \/>\n<meta property=\"article:modified_time\" content=\"2023-08-04T20:36:55+00:00\" \/>\n<meta property=\"og:image\" content=\"https:\/\/www.analizatozalezy.pl\/wp-content\/uploads\/2020\/06\/Logo-analiza-to-zalezy.jpg\" \/>\n\t<meta property=\"og:image:width\" content=\"477\" \/>\n\t<meta property=\"og:image:height\" content=\"477\" \/>\n\t<meta property=\"og:image:type\" content=\"image\/jpeg\" \/>\n<meta name=\"twitter:card\" content=\"summary_large_image\" \/>\n<meta name=\"twitter:label1\" content=\"Szacowany czas czytania\" \/>\n\t<meta name=\"twitter:data1\" content=\"1 minuta\" \/>\n<script type=\"application\/ld+json\" class=\"yoast-schema-graph\">{\"@context\":\"https:\/\/schema.org\",\"@graph\":[{\"@type\":\"WebPage\",\"@id\":\"https:\/\/www.analizatozalezy.pl\/index.php\/kontakt-do-mnie\/\",\"url\":\"https:\/\/www.analizatozalezy.pl\/index.php\/kontakt-do-mnie\/\",\"name\":\"Kontakt do mnie - Analiza To Zale\u017cy\",\"isPartOf\":{\"@id\":\"https:\/\/www.analizatozalezy.pl\/#website\"},\"datePublished\":\"2020-10-07T06:16:23+00:00\",\"dateModified\":\"2023-08-04T20:36:55+00:00\",\"breadcrumb\":{\"@id\":\"https:\/\/www.analizatozalezy.pl\/index.php\/kontakt-do-mnie\/#breadcrumb\"},\"inLanguage\":\"pl-PL\",\"potentialAction\":[{\"@type\":\"ReadAction\",\"target\":[\"https:\/\/www.analizatozalezy.pl\/index.php\/kontakt-do-mnie\/\"]}]},{\"@type\":\"BreadcrumbList\",\"@id\":\"https:\/\/www.analizatozalezy.pl\/index.php\/kontakt-do-mnie\/#breadcrumb\",\"itemListElement\":[{\"@type\":\"ListItem\",\"position\":1,\"name\":\"Strona g\u0142\u00f3wna\",\"item\":\"https:\/\/www.analizatozalezy.pl\/\"},{\"@type\":\"ListItem\",\"position\":2,\"name\":\"Kontakt do mnie\"}]},{\"@type\":\"WebSite\",\"@id\":\"https:\/\/www.analizatozalezy.pl\/#website\",\"url\":\"https:\/\/www.analizatozalezy.pl\/\",\"name\":\"To zale\u017cy\",\"description\":\"Analiza biznesowa, systemowa, komunikacja, dobre praktyki i narz\u0119dzia\",\"publisher\":{\"@id\":\"https:\/\/www.analizatozalezy.pl\/#organization\"},\"potentialAction\":[{\"@type\":\"SearchAction\",\"target\":{\"@type\":\"EntryPoint\",\"urlTemplate\":\"https:\/\/www.analizatozalezy.pl\/?s={search_term_string}\"},\"query-input\":{\"@type\":\"PropertyValueSpecification\",\"valueRequired\":true,\"valueName\":\"search_term_string\"}}],\"inLanguage\":\"pl-PL\"},{\"@type\":\"Organization\",\"@id\":\"https:\/\/www.analizatozalezy.pl\/#organization\",\"name\":\"Wogi Studio Wojciech Giers\",\"url\":\"https:\/\/www.analizatozalezy.pl\/\",\"logo\":{\"@type\":\"ImageObject\",\"inLanguage\":\"pl-PL\",\"@id\":\"https:\/\/www.analizatozalezy.pl\/#\/schema\/logo\/image\/\",\"url\":\"https:\/\/www.analizatozalezy.pl\/wp-content\/uploads\/2020\/04\/logobeztlagimp.jpg\",\"contentUrl\":\"https:\/\/www.analizatozalezy.pl\/wp-content\/uploads\/2020\/04\/logobeztlagimp.jpg\",\"width\":316,\"height\":276,\"caption\":\"Wogi Studio Wojciech Giers\"},\"image\":{\"@id\":\"https:\/\/www.analizatozalezy.pl\/#\/schema\/logo\/image\/\"},\"sameAs\":[\"https:\/\/www.facebook.com\/pg\/Analiza-to-Zale\u017cy-106802377714908\",\"https:\/\/www.instagram.com\/wojciech_giers\/\",\"https:\/\/www.linkedin.com\/in\/wojciechgiersfajnyjest\/\"]}]}<\/script>\n<!-- \/ Yoast SEO plugin. -->","yoast_head_json":{"title":"Kontakt do mnie - Analiza To Zale\u017cy","robots":{"index":"index","follow":"follow","max-snippet":"max-snippet:-1","max-image-preview":"max-image-preview:large","max-video-preview":"max-video-preview:-1"},"canonical":"https:\/\/www.analizatozalezy.pl\/index.php\/kontakt-do-mnie\/","og_locale":"pl_PL","og_type":"article","og_title":"Kontakt do mnie - Analiza To Zale\u017cy","og_description":"Cze\u015b\u0107! Jestem Wojtek Je\u017celi chcesz si\u0119 skontaktowa\u0107, u\u017cyj formularza poni\u017cej. Odpowiadam najszybciej jak to mo\u017cliwe","og_url":"https:\/\/www.analizatozalezy.pl\/index.php\/kontakt-do-mnie\/","og_site_name":"Analiza To Zale\u017cy","article_publisher":"https:\/\/www.facebook.com\/pg\/Analiza-to-Zale%c5%bcy-106802377714908","article_modified_time":"2023-08-04T20:36:55+00:00","og_image":[{"width":477,"height":477,"url":"https:\/\/www.analizatozalezy.pl\/wp-content\/uploads\/2020\/06\/Logo-analiza-to-zalezy.jpg","type":"image\/jpeg"}],"twitter_card":"summary_large_image","twitter_misc":{"Szacowany czas czytania":"1 minuta"},"schema":{"@context":"https:\/\/schema.org","@graph":[{"@type":"WebPage","@id":"https:\/\/www.analizatozalezy.pl\/index.php\/kontakt-do-mnie\/","url":"https:\/\/www.analizatozalezy.pl\/index.php\/kontakt-do-mnie\/","name":"Kontakt do mnie - Analiza To Zale\u017cy","isPartOf":{"@id":"https:\/\/www.analizatozalezy.pl\/#website"},"datePublished":"2020-10-07T06:16:23+00:00","dateModified":"2023-08-04T20:36:55+00:00","breadcrumb":{"@id":"https:\/\/www.analizatozalezy.pl\/index.php\/kontakt-do-mnie\/#breadcrumb"},"inLanguage":"pl-PL","potentialAction":[{"@type":"ReadAction","target":["https:\/\/www.analizatozalezy.pl\/index.php\/kontakt-do-mnie\/"]}]},{"@type":"BreadcrumbList","@id":"https:\/\/www.analizatozalezy.pl\/index.php\/kontakt-do-mnie\/#breadcrumb","itemListElement":[{"@type":"ListItem","position":1,"name":"Strona g\u0142\u00f3wna","item":"https:\/\/www.analizatozalezy.pl\/"},{"@type":"ListItem","position":2,"name":"Kontakt do mnie"}]},{"@type":"WebSite","@id":"https:\/\/www.analizatozalezy.pl\/#website","url":"https:\/\/www.analizatozalezy.pl\/","name":"To zale\u017cy","description":"Analiza biznesowa, systemowa, komunikacja, dobre praktyki i narz\u0119dzia","publisher":{"@id":"https:\/\/www.analizatozalezy.pl\/#organization"},"potentialAction":[{"@type":"SearchAction","target":{"@type":"EntryPoint","urlTemplate":"https:\/\/www.analizatozalezy.pl\/?s={search_term_string}"},"query-input":{"@type":"PropertyValueSpecification","valueRequired":true,"valueName":"search_term_string"}}],"inLanguage":"pl-PL"},{"@type":"Organization","@id":"https:\/\/www.analizatozalezy.pl\/#organization","name":"Wogi Studio Wojciech Giers","url":"https:\/\/www.analizatozalezy.pl\/","logo":{"@type":"ImageObject","inLanguage":"pl-PL","@id":"https:\/\/www.analizatozalezy.pl\/#\/schema\/logo\/image\/","url":"https:\/\/www.analizatozalezy.pl\/wp-content\/uploads\/2020\/04\/logobeztlagimp.jpg","contentUrl":"https:\/\/www.analizatozalezy.pl\/wp-content\/uploads\/2020\/04\/logobeztlagimp.jpg","width":316,"height":276,"caption":"Wogi Studio Wojciech Giers"},"image":{"@id":"https:\/\/www.analizatozalezy.pl\/#\/schema\/logo\/image\/"},"sameAs":["https:\/\/www.facebook.com\/pg\/Analiza-to-Zale\u017cy-106802377714908","https:\/\/www.instagram.com\/wojciech_giers\/","https:\/\/www.linkedin.com\/in\/wojciechgiersfajnyjest\/"]}]}},"_links":{"self":[{"href":"https:\/\/www.analizatozalezy.pl\/index.php\/wp-json\/wp\/v2\/pages\/595","targetHints":{"allow":["GET"]}}],"collection":[{"href":"https:\/\/www.analizatozalezy.pl\/index.php\/wp-json\/wp\/v2\/pages"}],"about":[{"href":"https:\/\/www.analizatozalezy.pl\/index.php\/wp-json\/wp\/v2\/types\/page"}],"author":[{"embeddable":true,"href":"https:\/\/www.analizatozalezy.pl\/index.php\/wp-json\/wp\/v2\/users\/1"}],"replies":[{"embeddable":true,"href":"https:\/\/www.analizatozalezy.pl\/index.php\/wp-json\/wp\/v2\/comments?post=595"}],"version-history":[{"count":30,"href":"https:\/\/www.analizatozalezy.pl\/index.php\/wp-json\/wp\/v2\/pages\/595\/revisions"}],"predecessor-version":[{"id":2844,"href":"https:\/\/www.analizatozalezy.pl\/index.php\/wp-json\/wp\/v2\/pages\/595\/revisions\/2844"}],"wp:attachment":[{"href":"https:\/\/www.analizatozalezy.pl\/index.php\/wp-json\/wp\/v2\/media?parent=595"}],"curies":[{"name":"wp","href":"https:\/\/api.w.org\/{rel}","templated":true}]}}